{"id":991,"date":"2018-05-25T23:46:47","date_gmt":"2018-05-25T21:46:47","guid":{"rendered":"http:\/\/www.dfki.de\/MedicalCPS\/?page_id=991"},"modified":"2022-07-21T11:56:51","modified_gmt":"2022-07-21T11:56:51","slug":"privacy-policy","status":"publish","type":"page","link":"https:\/\/medicalcps.dfki.de\/?page_id=991","title":{"rendered":"Legal Information \/ Impressum"},"content":{"rendered":"<p><em>Deutsche Version unten \/ German version below<\/em><\/p>\n<p><strong>Responsible service provider<\/strong><br \/>\nResponsible for the content of the domain ai-in-medicine.dfki.de\/medicalcps.dfki.de from the point of view of \u00a7 5 TMG:<\/p>\n<p><strong>Deutsches Forschungszentrum f\u00fcr K\u00fcnstliche Intelligenz GmbH (DFKI)<\/strong><br \/>\nManagement:<br \/>\nProf. Dr. Antonio Kr\u00fcger<br \/>\nHelmut Ditzer<br \/>\nTrippstadter Str. 122<br \/>\n67663 Kaiserslautern<br \/>\nGermany<br \/>\nPhone: +49 631 20575 0<br \/>\nFax: +49 631 20575 5030<br \/>\nEmail: info@dfki.de<\/p>\n<p>Register Court: Amtsgericht Kaiserslautern<br \/>\nRegister Number: HRB 2313<\/p>\n<p>ID-Number: DE 148 646 973<\/p>\n<p>The person responsible for the editorial content of the domain ai-in-medicine.dfki.de\/medicalcps.dfki.de of the German Research Center for Artificial Intelligence GmbH within the meaning of \u00a7 18 para. 2 MStV is:<\/p>\n<p>Franziska Scheurer, Team Assistance<br \/>\nBuilding D3 1, Saarland Informatics Campus D3 2, Stuhlsatzenhausweg 3, D-66123 Saarbr\u00fccken<br \/>\nPhone: +49 (0) 681 85775 5320<br \/>\nE-mail: franziska.scheurer@dfki.de<br \/>\nWebsite URL: www.dfki.de<\/p>\n<p><strong>Liability for content<\/strong><br \/>\nAs a service provider, Deutsches Forschungszentrum f\u00fcr K\u00fcnstliche Intelligenz GmbH (DFKI) is responsible under general law for its own content published on this website in accordance with Section 7 para. 1 of the German Telemedia Act (TMG).<\/p>\n<p>DFKI makes every effort to keep the information on our website accurate and current, nevertheless, errors and uncertainties cannot be entirely ruled out. For this reason, DFKI undertakes no liability for ensuring that the provided information is current, accurate or complete, and is not responsible for its quality. DFKI is not liable for material or immaterial damages caused directly or indirectly by the use or non-use of the offered information, or by the use of erroneous and incomplete information, unless willful or grossly negligent fault can be demonstrated. This also applies with respect to software or data provided for download.<\/p>\n<p>DFKI reserves the right to modify, expand or delete parts of the website or the entire website without separate announcement, or to cease publication temporarily or definitively.<\/p>\n<p><strong>Liability for links<\/strong><br \/>\nPursuant to Section 7 para. 1 of TMG (German Tele-Media Act), the law limits our responsibility as a service provider to our own content on this website. According to Sections 8 \u2013 10 TMG, we are not obliged to permanently monitor any transmitted or stored third-party information, nor to investigate circumstances that might indicate illegal activity. This does not affect our obligation to remove or block information according to general law. However, we can only assume liability for such data from the point in time at which a concrete legal infringement has been identified. Upon notification of any such legal infringement, we will immediately delete the infringing content.<\/p>\n<p>Cross-references (\u201clinks\u201d) to the content providers are to be distinguished from our own content. Our offer includes links to external third-party websites. Providers or operators of linked external pages are always responsible for their respective content. We cannot assume any liability for the content of the linked pages. This third-party content was checked by DFKI when the links were first set up to determine whether any legal infringements existed. At the time of the check, no legal infringements were apparent. However, it cannot be ruled out that the content is subsequently changed by the respective providers. A permanent control of the content of the linked pages is not reasonable without evidence of a legal infringement. Should you believe that the linked external pages infringe applicable law or otherwise contain inappropriate content, please notify us directly at: info@dfki.de.<\/p>\n<p>In case DFKI should notice or receive any indication that an external offer to which it has linked might cause civil or criminal liability, DFKI will immediately delete this link.<\/p>\n<p><strong>Copyright<\/strong><br \/>\nThe layout of the homepage, the graphics used and other content on the DFKI website are protected by copyright. The reproduction, processing, distribution and any type of use outside the boundaries of copyright law require the prior written approval of the DFKI. Insofar as any content on this page was not created by DFKI, the copyrights of third parties will be respected. If you believe that you discovered a copyright infringement, please report this to us accordingly. Upon becoming aware of any legal infringements, DFKI will remove or disable access to such infringing content immediately.<\/p>\n<hr class=\"wp-block-separator\" \/>\n<p><strong>Verantwortlicher Dienstanbieter<\/strong><br \/>\nF\u00fcr die Inhalte der Domain ai-in-medicine.dfki.de\/medicalcps.dfki.de ist aus Sicht des \u00a7 5 TMG verantwortlich:<\/p>\n<p><strong>Deutsches Forschungszentrum f\u00fcr K\u00fcnstliche Intelligenz GmbH (DFKI)<\/strong><br \/>\nGesch\u00e4ftsf\u00fchrung:<br \/>\nProf. Dr. Antonio Kr\u00fcger<br \/>\nHelmut Ditzer<br \/>\nTrippstadter Str. 122<br \/>\n67663 Kaiserslautern<br \/>\nTel.: +49 631 20575 0<br \/>\nFax: +49 631 20575 5030<br \/>\nEmail: info@dfki.de<\/p>\n<p>Registergericht: Amtsgericht Kaiserslautern<br \/>\nRegisternummer: HRB 2313<\/p>\n<p>ID-Nummer: DE 148 646 973<\/p>\n<p><strong><br \/>\nRedaktionsverantwortliche\/r<\/strong><br \/>\nRedaktionsverantwortliche\/r f\u00fcr die Domain ai-in-medicine.dfki.de\/medicalcps.dfki.de der Deutsches Forschungszentrum f\u00fcr K\u00fcnstliche Intelligenz GmbH (DFKI) auf der Domain im Sinne von \u00a7 18 Abs. 2 MStV ist:<\/p>\n<p>Franziska Scheurer, Teamassistenz<br \/>\nGeb\u00e4ude D3 1, Saarland Informatics Campus D3 2, Stuhlsatzenhausweg 3, 66123 Saarbr\u00fccken<br \/>\nTelefon: +49 (0) 681 85775 5320<br \/>\nEmail: franziska.scheurer@dfki.de<br \/>\nWebadresse: www.dfki.de<\/p>\n<p><strong>Rechtliche Hinweise zur Haftung f\u00fcr eigene Inhalte<\/strong><br \/>\nDie Deutsches Forschungszentrum f\u00fcr K\u00fcnstliche Intelligenz GmbH (DFKI) ist als Inhaltsanbieterin gem\u00e4\u00df \u00a7 7 Abs. 1 Telemediengesetz (TMG) f\u00fcr die eigenen Inhalte, die zur Nutzung bereitgehalten werden, nach den allgemeinen Gesetzen verantwortlich. Das DFKI ist um Korrektheit und Aktualit\u00e4t der auf dieser Internetpr\u00e4senz bereitgestellten Informationen bem\u00fcht. Dennoch ist ein vollst\u00e4ndiger Ausschluss von Fehlern und Unklarheiten nicht m\u00f6glich. Das DFKI \u00fcbernimmt daher keine Gew\u00e4hr f\u00fcr die Aktualit\u00e4t, Korrektheit, Vollst\u00e4ndigkeit oder Qualit\u00e4t der bereitgestellten Informationen. F\u00fcr Sch\u00e4den materieller oder ideeller Art, die durch die Nutzung oder Nichtnutzung der dargebotenen Informationen resp. durch die Nutzung fehlerhafter und unvollst\u00e4ndiger Informationen unmittelbar oder mittelbar verursacht werden, haftet das DFKI nicht, sofern nicht nachweislich vors\u00e4tzliches oder grob fahrl\u00e4ssiges Verschulden vorliegt. Dies bezieht sich auch auf f\u00fcr zum Download bereitgestellte Software oder Daten. Dem DFKI ist es vorbehalten, Teile des Internetangebots oder das gesamte Angebot ohne gesonderte Ank\u00fcndigung zu ver\u00e4ndern, zu erg\u00e4nzen, zu l\u00f6schen oder die Ver\u00f6ffentlichung zeitweise oder endg\u00fcltig einzustellen.<\/p>\n<p><strong><br \/>\nRechtliche Hinweise f\u00fcr Verweise auf externe Webseiten<\/strong><br \/>\nAls Diensteanbieter sind wir gem\u00e4\u00df \u00a7 7 Abs.1 TMG f\u00fcr eigene Inhalte auf diesen Seiten nach den allgemeinen Gesetzen verantwortlich. Nach \u00a7\u00a7 8 bis 10 TMG sind wir als Diensteanbieter jedoch nicht verpflichtet, \u00fcbermittelte oder gespeicherte fremde Informationen zu \u00fcberwachen oder nach Umst\u00e4nden zu forschen, die auf eine rechtswidrige T\u00e4tigkeit hinweisen. Verpflichtungen zur Entfernung oder Sperrung der Nutzung von Informationen nach den allgemeinen Gesetzen bleiben hiervon unber\u00fchrt. Eine diesbez\u00fcgliche Haftung ist jedoch erst ab dem Zeitpunkt der Kenntnis einer konkreten Rechtsverletzung m\u00f6glich. Bei Bekanntwerden von entsprechenden Rechtsverletzungen werden wir diese Inhalte umgehend entfernen. Unser Angebot enth\u00e4lt Links zu externen Webseiten Dritter. F\u00fcr diese Inhalte der verlinkten externen Seiten ist stets der jeweilige Anbieter verantwortlich. F\u00fcr die Inhalte der verlinkten Seiten k\u00f6nnen wir keine Gew\u00e4hr \u00fcbernehmen. Diese fremden Inhalte wurden vonseiten des DFKI bei der erstmaligen Link-Setzung daraufhin \u00fcberpr\u00fcft, ob etwaige Rechtsverst\u00f6\u00dfe bestehen. Zum Zeitpunkt der \u00dcberpr\u00fcfung waren keine Rechtsverst\u00f6\u00dfe ersichtlich. Es ist jedoch nicht auszuschlie\u00dfen, dass die Inhalte im Nachhinein von den jeweiligen Anbietern ver\u00e4ndert werden. Eine permanente inhaltliche Kontrolle der verlinkten Seiten ist jedoch ohne Anhaltspunkte einer Rechtsverletzung nicht zumutbar. Sollten Sie der Ansicht sein, dass die verlinkten externen Seiten gegen geltendes Recht versto\u00dfen oder sonst unangemessene Inhalte haben, so teilen Sie uns dies bitte direkt an: info@dfki.de mit. Sollte das DFKI feststellen oder einen Hinweis darauf erhalten, dass ein externes Angebot, auf das es verlinkt hat, eine zivil- oder strafrechtliche Verantwortlichkeit ausl\u00f6st, wird das DFKI den Link auf dieses Angebot unverz\u00fcglich aufheben.<\/p>\n<p><strong><br \/>\nRechtliche Hinweise zum Urheberrecht<\/strong><br \/>\nDas Layout der Homepage, die verwendeten Grafiken sowie die sonstigen Inhalte der Internetpr\u00e4senz des DFKI sind urheberrechtlich gesch\u00fctzt. Die Vervielf\u00e4ltigung, Bearbeitung, Verbreitung und jedwede Art der Verwertung au\u00dferhalb der Grenzen des Urheberrechtes bed\u00fcrfen der Zustimmung des DFKI (in Schriftform). Soweit die Inhalte auf dieser Seite nicht von DFKI erstellt wurden, werden die Urheberrechte Dritter beachtet. Sollten Sie dennoch auf eine Urheberrechtsverletzung aufmerksam werden, bitten wir um einen entsprechenden Hinweis. Bei Bekanntwerden von Rechtsverletzungen, wird DFKI derartige Inhalte umgehend entfernen.<\/p>\n","protected":false},"excerpt":{"rendered":"<p>Deutsche Version unten \/ German version below Responsible service provider Responsible for the content of the domain ai-in-medicine.dfki.de\/medicalcps.dfki.de from the point of view of \u00a7 5 TMG: Deutsches Forschungszentrum f\u00fcr K\u00fcnstliche Intelligenz GmbH (DFKI) Management: Prof. Dr. Antonio Kr\u00fcger Helmut &hellip; <a href=\"https:\/\/medicalcps.dfki.de\/?page_id=991\">Continue reading <span class=\"meta-nav\">&rarr;<\/span><\/a><\/p>\n","protected":false},"author":2,"featured_media":0,"parent":0,"menu_order":16,"comment_status":"closed","ping_status":"closed","template":"","meta":{"inline_featured_image":false,"footnotes":""},"class_list":["post-991","page","type-page","status-publish","hentry"],"_links":{"self":[{"href":"https:\/\/medicalcps.dfki.de\/index.php?rest_route=\/wp\/v2\/pages\/991","targetHints":{"allow":["GET"]}}],"collection":[{"href":"https:\/\/medicalcps.dfki.de\/index.php?rest_route=\/wp\/v2\/pages"}],"about":[{"href":"https:\/\/medicalcps.dfki.de\/index.php?rest_route=\/wp\/v2\/types\/page"}],"author":[{"embeddable":true,"href":"https:\/\/medicalcps.dfki.de\/index.php?rest_route=\/wp\/v2\/users\/2"}],"replies":[{"embeddable":true,"href":"https:\/\/medicalcps.dfki.de\/index.php?rest_route=%2Fwp%2Fv2%2Fcomments&post=991"}],"version-history":[{"count":6,"href":"https:\/\/medicalcps.dfki.de\/index.php?rest_route=\/wp\/v2\/pages\/991\/revisions"}],"predecessor-version":[{"id":1780,"href":"https:\/\/medicalcps.dfki.de\/index.php?rest_route=\/wp\/v2\/pages\/991\/revisions\/1780"}],"wp:attachment":[{"href":"https:\/\/medicalcps.dfki.de\/index.php?rest_route=%2Fwp%2Fv2%2Fmedia&parent=991"}],"curies":[{"name":"wp","href":"https:\/\/api.w.org\/{rel}","templated":true}]}}